{"id":11325,"date":"2025-12-19T02:29:32","date_gmt":"2025-12-18T23:29:32","guid":{"rendered":"https:\/\/kcan.web.tr\/kcangmt\/endustriyel-panel-pc\/"},"modified":"2026-03-04T10:38:25","modified_gmt":"2026-03-04T07:38:25","slug":"industrial-panel-pc","status":"publish","type":"page","link":"https:\/\/gmtcontrol.com\/en\/industrial-panel-pc\/","title":{"rendered":"Industrial Panel PC"},"content":{"rendered":"\t\t<div data-elementor-type=\"wp-page\" data-elementor-id=\"11325\" class=\"elementor elementor-11325 elementor-11323\">\n\t\t\t\t\t\t<section class=\"elementor-section elementor-top-section elementor-element elementor-element-4203837 elementor-section-boxed elementor-section-height-default elementor-section-height-default sc_fly_static\" data-id=\"4203837\" data-element_type=\"section\" data-e-type=\"section\" data-settings=\"{&quot;background_background&quot;:&quot;classic&quot;}\">\n\t\t\t\t\t\t<div class=\"elementor-container elementor-column-gap-extended\">\n\t\t\t\t\t<div class=\"elementor-column elementor-col-100 elementor-top-column elementor-element elementor-element-c482de3 sc_content_align_inherit sc_layouts_column_icons_position_left sc_fly_static\" data-id=\"c482de3\" data-element_type=\"column\" data-e-type=\"column\" data-settings=\"{&quot;background_background&quot;:&quot;classic&quot;}\">\n\t\t\t<div class=\"elementor-widget-wrap elementor-element-populated\">\n\t\t\t\t\t\t<div class=\"elementor-element elementor-element-db4133b sc_height_large sc_fly_static elementor-widget elementor-widget-spacer\" data-id=\"db4133b\" data-element_type=\"widget\" data-e-type=\"widget\" data-widget_type=\"spacer.default\">\n\t\t\t\t<div class=\"elementor-widget-container\">\n\t\t\t\t\t\t\t<div class=\"elementor-spacer\">\n\t\t\t<div class=\"elementor-spacer-inner\"><\/div>\n\t\t<\/div>\n\t\t\t\t\t\t<\/div>\n\t\t\t\t<\/div>\n\t\t\t\t<div class=\"elementor-element elementor-element-9b6e29c sc_fly_static elementor-widget elementor-widget-trx_sc_title\" data-id=\"9b6e29c\" data-element_type=\"widget\" data-e-type=\"widget\" data-widget_type=\"trx_sc_title.default\">\n\t\t\t\t<div class=\"elementor-widget-container\">\n\t\t\t\t\t<div\t\tclass=\"sc_title sc_title_default\" ><h2 class=\"sc_item_title sc_title_title sc_align_center sc_item_title_style_default\"\n\t\t\t><span class=\"sc_item_title_text\">Industrial Panel PC<\/span><\/h2><\/div>\t\t\t\t<\/div>\n\t\t\t\t<\/div>\n\t\t\t\t<div class=\"elementor-element elementor-element-338f95a sc_fly_static elementor-widget elementor-widget-spacer\" data-id=\"338f95a\" data-element_type=\"widget\" data-e-type=\"widget\" data-widget_type=\"spacer.default\">\n\t\t\t\t<div class=\"elementor-widget-container\">\n\t\t\t\t\t\t\t<div class=\"elementor-spacer\">\n\t\t\t<div class=\"elementor-spacer-inner\"><\/div>\n\t\t<\/div>\n\t\t\t\t\t\t<\/div>\n\t\t\t\t<\/div>\n\t\t\t\t\t<\/div>\n\t\t<\/div>\n\t\t\t\t\t<\/div>\n\t\t<\/section>\n\t\t\t\t<section class=\"elementor-section-with-custom-width elementor-section elementor-top-section elementor-element elementor-element-fed5f89 elementor-section-boxed elementor-section-height-default elementor-section-height-default sc_fly_static\" data-id=\"fed5f89\" data-element_type=\"section\" data-e-type=\"section\" id=\"cpu-modulleri\" data-settings=\"{&quot;background_background&quot;:&quot;classic&quot;}\">\n\t\t\t\t\t\t<div class=\"elementor-container elementor-column-gap-extended\">\n\t\t\t\t\t<div class=\"elementor-column elementor-col-100 elementor-top-column elementor-element elementor-element-66ff8f9 sc_content_align_inherit sc_layouts_column_icons_position_left sc_fly_static\" data-id=\"66ff8f9\" data-element_type=\"column\" data-e-type=\"column\">\n\t\t\t<div class=\"elementor-widget-wrap elementor-element-populated\">\n\t\t\t\t\t\t<div class=\"elementor-element elementor-element-a8bd846 sc_height_large sc_fly_static elementor-widget elementor-widget-spacer\" data-id=\"a8bd846\" data-element_type=\"widget\" data-e-type=\"widget\" data-widget_type=\"spacer.default\">\n\t\t\t\t<div class=\"elementor-widget-container\">\n\t\t\t\t\t\t\t<div class=\"elementor-spacer\">\n\t\t\t<div class=\"elementor-spacer-inner\"><\/div>\n\t\t<\/div>\n\t\t\t\t\t\t<\/div>\n\t\t\t\t<\/div>\n\t\t\t\t<div class=\"elementor-element elementor-element-cb14d33 sc_style_default sc_fly_static elementor-widget elementor-widget-trx_sc_blogger\" data-id=\"cb14d33\" data-element_type=\"widget\" data-e-type=\"widget\" data-widget_type=\"trx_sc_blogger.default\">\n\t\t\t\t<div class=\"elementor-widget-container\">\n\t\t\t\t\t<div \t\tclass=\"sc_blogger sc_blogger_default sc_blogger_default_classic_time_2 sc_item_filters_tabs_none alignnone\" ><div class=\"sc_blogger_columns_wrap sc_item_columns sc_item_posts_container trx_addons_columns_wrap columns_padding_bottom\" ><div class=\"trx_addons_column-1_4 trx_addons_column-1_2-tablet trx_addons_column-1_2-mobile\"><div data-post-id=\"8477\" data-item-number=\"1\" class=\"sc_blogger_item sc_item_container post_container sc_blogger_item_default sc_blogger_item_default_classic_time_2 sc_blogger_item_odd sc_blogger_item_align_none post_format_standard sc_blogger_item_with_image sc_blogger_item_no_excerpt sc_blogger_item_image_position_top post-8477 cpt_portfolio type-cpt_portfolio status-publish has-post-thumbnail hentry cpt_portfolio_group-endustriyel-panel-pc\" ><div class=\"sc_blogger_item_body\"><div class=\"post_featured with_thumb hover_link sc_item_featured sc_blogger_item_featured post_featured_bg\" data-ratio=\"1:1\"><span class=\"post_thumb post_thumb_bg bg_in fabrica_inline_42064844\"><\/span>\t\t\t\t\t\t<div class=\"mask\"><\/div>\n\t\t\t\t\t\t<a class=\"post_link sc_blogger_item_link\" href=\"https:\/\/gmtcontrol.com\/en\/urunler\/industrial-panel-pc-gpc8-101-j6412-8-128\/\"><\/a>\t\t\t<a href=\"https:\/\/gmtcontrol.com\/en\/urunler\/industrial-panel-pc-gpc8-101-j6412-8-128\/\"  aria-hidden=\"true\" class=\"link\"><\/a>\n\t\t\t<\/div><div class=\"sc_blogger_item_content entry-content\"><h5 class=\"sc_blogger_item_title entry-title\" data-item-number=\"1\"><a href=\"https:\/\/gmtcontrol.com\/en\/urunler\/industrial-panel-pc-gpc8-101-j6412-8-128\/\" rel=\"bookmark\">GPC8-101-J6412-8-128<\/a><\/h5><\/div><!-- .entry-content --><\/div><!-- .sc_blogger_item_body --><\/div><!-- .sc_blogger_item --><\/div><div class=\"trx_addons_column-1_4 trx_addons_column-1_2-tablet trx_addons_column-1_2-mobile\"><div data-post-id=\"8504\" data-item-number=\"2\" class=\"sc_blogger_item sc_item_container post_container sc_blogger_item_default sc_blogger_item_default_classic_time_2 sc_blogger_item_even sc_blogger_item_align_none post_format_standard sc_blogger_item_with_image sc_blogger_item_no_excerpt sc_blogger_item_image_position_top post-8504 cpt_portfolio type-cpt_portfolio status-publish has-post-thumbnail hentry cpt_portfolio_group-endustriyel-panel-pc\" ><div class=\"sc_blogger_item_body\"><div class=\"post_featured with_thumb hover_link sc_item_featured sc_blogger_item_featured post_featured_bg\" data-ratio=\"1:1\"><span class=\"post_thumb post_thumb_bg bg_in fabrica_inline_671011408\"><\/span>\t\t\t\t\t\t<div class=\"mask\"><\/div>\n\t\t\t\t\t\t<a class=\"post_link sc_blogger_item_link\" href=\"https:\/\/gmtcontrol.com\/en\/urunler\/industrial-panel-pc-gpc8-156-j6412-8-128\/\"><\/a>\t\t\t<a href=\"https:\/\/gmtcontrol.com\/en\/urunler\/industrial-panel-pc-gpc8-156-j6412-8-128\/\"  aria-hidden=\"true\" class=\"link\"><\/a>\n\t\t\t<\/div><div class=\"sc_blogger_item_content entry-content\"><h5 class=\"sc_blogger_item_title entry-title\" data-item-number=\"2\"><a href=\"https:\/\/gmtcontrol.com\/en\/urunler\/industrial-panel-pc-gpc8-156-j6412-8-128\/\" rel=\"bookmark\">GPC8-156-J6412-8-128<\/a><\/h5><\/div><!-- .entry-content --><\/div><!-- .sc_blogger_item_body --><\/div><!-- .sc_blogger_item --><\/div><div class=\"trx_addons_column-1_4 trx_addons_column-1_2-tablet trx_addons_column-1_2-mobile\"><div data-post-id=\"8519\" data-item-number=\"3\" class=\"sc_blogger_item sc_item_container post_container sc_blogger_item_default sc_blogger_item_default_classic_time_2 sc_blogger_item_odd sc_blogger_item_align_none post_format_standard sc_blogger_item_with_image sc_blogger_item_no_excerpt sc_blogger_item_image_position_top post-8519 cpt_portfolio type-cpt_portfolio status-publish has-post-thumbnail hentry cpt_portfolio_group-endustriyel-panel-pc\" ><div class=\"sc_blogger_item_body\"><div class=\"post_featured with_thumb hover_link sc_item_featured sc_blogger_item_featured post_featured_bg\" data-ratio=\"1:1\"><span class=\"post_thumb post_thumb_bg bg_in fabrica_inline_1735907949\"><\/span>\t\t\t\t\t\t<div class=\"mask\"><\/div>\n\t\t\t\t\t\t<a class=\"post_link sc_blogger_item_link\" href=\"https:\/\/gmtcontrol.com\/en\/urunler\/industrial-panel-pc-gpc8-156-j6412-8-128-2\/\"><\/a>\t\t\t<a href=\"https:\/\/gmtcontrol.com\/en\/urunler\/industrial-panel-pc-gpc8-156-j6412-8-128-2\/\"  aria-hidden=\"true\" class=\"link\"><\/a>\n\t\t\t<\/div><div class=\"sc_blogger_item_content entry-content\"><h5 class=\"sc_blogger_item_title entry-title\" data-item-number=\"3\"><a href=\"https:\/\/gmtcontrol.com\/en\/urunler\/industrial-panel-pc-gpc8-156-j6412-8-128-2\/\" rel=\"bookmark\">GPC8-215-J6412-8-128<\/a><\/h5><\/div><!-- .entry-content --><\/div><!-- .sc_blogger_item_body --><\/div><!-- .sc_blogger_item --><\/div><div class=\"trx_addons_column-1_4 trx_addons_column-1_2-tablet trx_addons_column-1_2-mobile\"><div data-post-id=\"8539\" data-item-number=\"4\" class=\"sc_blogger_item sc_item_container post_container sc_blogger_item_default sc_blogger_item_default_classic_time_2 sc_blogger_item_even sc_blogger_item_align_none post_format_standard sc_blogger_item_with_image sc_blogger_item_no_excerpt sc_blogger_item_image_position_top post-8539 cpt_portfolio type-cpt_portfolio status-publish has-post-thumbnail hentry cpt_portfolio_group-endustriyel-panel-pc\" ><div class=\"sc_blogger_item_body\"><div class=\"post_featured with_thumb hover_link sc_item_featured sc_blogger_item_featured post_featured_bg\" data-ratio=\"1:1\"><span class=\"post_thumb post_thumb_bg bg_in fabrica_inline_373109830\"><\/span>\t\t\t\t\t\t<div class=\"mask\"><\/div>\n\t\t\t\t\t\t<a class=\"post_link sc_blogger_item_link\" href=\"https:\/\/gmtcontrol.com\/en\/urunler\/industrial-panel-pc-gpc8-156-i508-8-128\/\"><\/a>\t\t\t<a href=\"https:\/\/gmtcontrol.com\/en\/urunler\/industrial-panel-pc-gpc8-156-i508-8-128\/\"  aria-hidden=\"true\" class=\"link\"><\/a>\n\t\t\t<\/div><div class=\"sc_blogger_item_content entry-content\"><h5 class=\"sc_blogger_item_title entry-title\" data-item-number=\"4\"><a href=\"https:\/\/gmtcontrol.com\/en\/urunler\/industrial-panel-pc-gpc8-156-i508-8-128\/\" rel=\"bookmark\">GPC8-156-\u0130508-8-128<\/a><\/h5><\/div><!-- .entry-content --><\/div><!-- .sc_blogger_item_body --><\/div><!-- .sc_blogger_item --><\/div><div class=\"trx_addons_column-1_4 trx_addons_column-1_2-tablet trx_addons_column-1_2-mobile\"><div data-post-id=\"8553\" data-item-number=\"5\" class=\"sc_blogger_item sc_item_container post_container sc_blogger_item_default sc_blogger_item_default_classic_time_2 sc_blogger_item_odd sc_blogger_item_align_none post_format_standard sc_blogger_item_with_image sc_blogger_item_no_excerpt sc_blogger_item_image_position_top post-8553 cpt_portfolio type-cpt_portfolio status-publish has-post-thumbnail hentry cpt_portfolio_group-endustriyel-panel-pc\" ><div class=\"sc_blogger_item_body\"><div class=\"post_featured with_thumb hover_link sc_item_featured sc_blogger_item_featured post_featured_bg\" data-ratio=\"1:1\"><span class=\"post_thumb post_thumb_bg bg_in fabrica_inline_1428190785\"><\/span>\t\t\t\t\t\t<div class=\"mask\"><\/div>\n\t\t\t\t\t\t<a class=\"post_link sc_blogger_item_link\" href=\"https:\/\/gmtcontrol.com\/en\/urunler\/industrial-panel-pc-gpc8-215-i510-16-128\/\"><\/a>\t\t\t<a href=\"https:\/\/gmtcontrol.com\/en\/urunler\/industrial-panel-pc-gpc8-215-i510-16-128\/\"  aria-hidden=\"true\" class=\"link\"><\/a>\n\t\t\t<\/div><div class=\"sc_blogger_item_content entry-content\"><h5 class=\"sc_blogger_item_title entry-title\" data-item-number=\"5\"><a href=\"https:\/\/gmtcontrol.com\/en\/urunler\/industrial-panel-pc-gpc8-215-i510-16-128\/\" rel=\"bookmark\">GPC8-215-\u0130510-16-128<\/a><\/h5><\/div><!-- .entry-content --><\/div><!-- .sc_blogger_item_body --><\/div><!-- .sc_blogger_item --><\/div><div class=\"trx_addons_column-1_4 trx_addons_column-1_2-tablet trx_addons_column-1_2-mobile\"><div data-post-id=\"8569\" data-item-number=\"6\" class=\"sc_blogger_item sc_item_container post_container sc_blogger_item_default sc_blogger_item_default_classic_time_2 sc_blogger_item_even sc_blogger_item_align_none post_format_standard sc_blogger_item_with_image sc_blogger_item_no_excerpt sc_blogger_item_image_position_top post-8569 cpt_portfolio type-cpt_portfolio status-publish has-post-thumbnail hentry cpt_portfolio_group-endustriyel-panel-pc\" ><div class=\"sc_blogger_item_body\"><div class=\"post_featured with_thumb hover_link sc_item_featured sc_blogger_item_featured post_featured_bg\" data-ratio=\"1:1\"><span class=\"post_thumb post_thumb_bg bg_in fabrica_inline_1179900370\"><\/span>\t\t\t\t\t\t<div class=\"mask\"><\/div>\n\t\t\t\t\t\t<a class=\"post_link sc_blogger_item_link\" href=\"https:\/\/gmtcontrol.com\/en\/urunler\/industrial-panel-pc-gpc8-156-i510-16-128\/\"><\/a>\t\t\t<a href=\"https:\/\/gmtcontrol.com\/en\/urunler\/industrial-panel-pc-gpc8-156-i510-16-128\/\"  aria-hidden=\"true\" class=\"link\"><\/a>\n\t\t\t<\/div><div class=\"sc_blogger_item_content entry-content\"><h5 class=\"sc_blogger_item_title entry-title\" data-item-number=\"6\"><a href=\"https:\/\/gmtcontrol.com\/en\/urunler\/industrial-panel-pc-gpc8-156-i510-16-128\/\" rel=\"bookmark\">GPC8-156-\u0130510-16-128<\/a><\/h5><\/div><!-- .entry-content --><\/div><!-- .sc_blogger_item_body --><\/div><!-- .sc_blogger_item --><\/div><div class=\"trx_addons_column-1_4 trx_addons_column-1_2-tablet trx_addons_column-1_2-mobile\"><div data-post-id=\"8589\" data-item-number=\"7\" class=\"sc_blogger_item sc_item_container post_container sc_blogger_item_default sc_blogger_item_default_classic_time_2 sc_blogger_item_odd sc_blogger_item_align_none post_format_standard sc_blogger_item_with_image sc_blogger_item_no_excerpt sc_blogger_item_image_position_top post-8589 cpt_portfolio type-cpt_portfolio status-publish has-post-thumbnail hentry cpt_portfolio_group-endustriyel-panel-pc\" ><div class=\"sc_blogger_item_body\"><div class=\"post_featured with_thumb hover_link sc_item_featured sc_blogger_item_featured post_featured_bg\" data-ratio=\"1:1\"><span class=\"post_thumb post_thumb_bg bg_in fabrica_inline_689833935\"><\/span>\t\t\t\t\t\t<div class=\"mask\"><\/div>\n\t\t\t\t\t\t<a class=\"post_link sc_blogger_item_link\" href=\"https:\/\/gmtcontrol.com\/en\/urunler\/industrial-panel-pc-gpc8-156-i710-16-128\/\"><\/a>\t\t\t<a href=\"https:\/\/gmtcontrol.com\/en\/urunler\/industrial-panel-pc-gpc8-156-i710-16-128\/\"  aria-hidden=\"true\" class=\"link\"><\/a>\n\t\t\t<\/div><div class=\"sc_blogger_item_content entry-content\"><h5 class=\"sc_blogger_item_title entry-title\" data-item-number=\"7\"><a href=\"https:\/\/gmtcontrol.com\/en\/urunler\/industrial-panel-pc-gpc8-156-i710-16-128\/\" rel=\"bookmark\">GPC8-156-\u0130710-16-128<\/a><\/h5><\/div><!-- .entry-content --><\/div><!-- .sc_blogger_item_body --><\/div><!-- .sc_blogger_item --><\/div><div class=\"trx_addons_column-1_4 trx_addons_column-1_2-tablet trx_addons_column-1_2-mobile\"><div data-post-id=\"8609\" data-item-number=\"8\" class=\"sc_blogger_item sc_item_container post_container sc_blogger_item_default sc_blogger_item_default_classic_time_2 sc_blogger_item_even sc_blogger_item_align_none post_format_standard sc_blogger_item_with_image sc_blogger_item_no_excerpt sc_blogger_item_image_position_top post-8609 cpt_portfolio type-cpt_portfolio status-publish has-post-thumbnail hentry cpt_portfolio_group-endustriyel-panel-pc\" ><div class=\"sc_blogger_item_body\"><div class=\"post_featured with_thumb hover_link sc_item_featured sc_blogger_item_featured post_featured_bg\" data-ratio=\"1:1\"><span class=\"post_thumb post_thumb_bg bg_in fabrica_inline_874150954\"><\/span>\t\t\t\t\t\t<div class=\"mask\"><\/div>\n\t\t\t\t\t\t<a class=\"post_link sc_blogger_item_link\" href=\"https:\/\/gmtcontrol.com\/en\/urunler\/industrial-panel-pc-gpc8-215-i710-16-128\/\"><\/a>\t\t\t<a href=\"https:\/\/gmtcontrol.com\/en\/urunler\/industrial-panel-pc-gpc8-215-i710-16-128\/\"  aria-hidden=\"true\" class=\"link\"><\/a>\n\t\t\t<\/div><div class=\"sc_blogger_item_content entry-content\"><h5 class=\"sc_blogger_item_title entry-title\" data-item-number=\"8\"><a href=\"https:\/\/gmtcontrol.com\/en\/urunler\/industrial-panel-pc-gpc8-215-i710-16-128\/\" rel=\"bookmark\">GPC8-215-\u0130710-16-128<\/a><\/h5><\/div><!-- .entry-content --><\/div><!-- .sc_blogger_item_body --><\/div><!-- .sc_blogger_item --><\/div><div class=\"trx_addons_column-1_4 trx_addons_column-1_2-tablet trx_addons_column-1_2-mobile\"><div data-post-id=\"8623\" data-item-number=\"9\" class=\"sc_blogger_item sc_item_container post_container sc_blogger_item_default sc_blogger_item_default_classic_time_2 sc_blogger_item_odd sc_blogger_item_align_none post_format_standard sc_blogger_item_with_image sc_blogger_item_no_excerpt sc_blogger_item_image_position_top post-8623 cpt_portfolio type-cpt_portfolio status-publish has-post-thumbnail hentry cpt_portfolio_group-endustriyel-panel-pc\" ><div class=\"sc_blogger_item_body\"><div class=\"post_featured with_thumb hover_link sc_item_featured sc_blogger_item_featured post_featured_bg\" data-ratio=\"1:1\"><span class=\"post_thumb post_thumb_bg bg_in fabrica_inline_473795356\"><\/span>\t\t\t\t\t\t<div class=\"mask\"><\/div>\n\t\t\t\t\t\t<a class=\"post_link sc_blogger_item_link\" href=\"https:\/\/gmtcontrol.com\/en\/urunler\/industrial-panel-pc-gpc8-215-i508-8-128\/\"><\/a>\t\t\t<a href=\"https:\/\/gmtcontrol.com\/en\/urunler\/industrial-panel-pc-gpc8-215-i508-8-128\/\"  aria-hidden=\"true\" class=\"link\"><\/a>\n\t\t\t<\/div><div class=\"sc_blogger_item_content entry-content\"><h5 class=\"sc_blogger_item_title entry-title\" data-item-number=\"9\"><a href=\"https:\/\/gmtcontrol.com\/en\/urunler\/industrial-panel-pc-gpc8-215-i508-8-128\/\" rel=\"bookmark\">GPC8-215-\u0130508-8-128<\/a><\/h5><\/div><!-- .entry-content --><\/div><!-- .sc_blogger_item_body --><\/div><!-- .sc_blogger_item --><\/div><\/div><\/div>\t\t\t\t<\/div>\n\t\t\t\t<\/div>\n\t\t\t\t\t<\/div>\n\t\t<\/div>\n\t\t\t\t\t<\/div>\n\t\t<\/section>\n\t\t\t\t<section class=\"elementor-section-with-custom-width elementor-section elementor-top-section elementor-element elementor-element-68a6ed9 elementor-section-boxed elementor-section-height-default elementor-section-height-default sc_fly_static\" data-id=\"68a6ed9\" data-element_type=\"section\" data-e-type=\"section\" id=\"sicaklik-modulleri\" data-settings=\"{&quot;background_background&quot;:&quot;classic&quot;}\">\n\t\t\t\t\t\t<div class=\"elementor-container elementor-column-gap-extended\">\n\t\t\t\t\t<div class=\"elementor-column elementor-col-100 elementor-top-column elementor-element elementor-element-6e60b8d sc_content_align_inherit sc_layouts_column_icons_position_left sc_fly_static\" data-id=\"6e60b8d\" data-element_type=\"column\" data-e-type=\"column\">\n\t\t\t<div class=\"elementor-widget-wrap elementor-element-populated\">\n\t\t\t\t\t\t<div class=\"elementor-element elementor-element-24e58c4 sc_height_small sc_fly_static elementor-widget elementor-widget-spacer\" data-id=\"24e58c4\" data-element_type=\"widget\" data-e-type=\"widget\" data-widget_type=\"spacer.default\">\n\t\t\t\t<div class=\"elementor-widget-container\">\n\t\t\t\t\t\t\t<div class=\"elementor-spacer\">\n\t\t\t<div class=\"elementor-spacer-inner\"><\/div>\n\t\t<\/div>\n\t\t\t\t\t\t<\/div>\n\t\t\t\t<\/div>\n\t\t\t\t<div class=\"elementor-element elementor-element-ee8a46e sc_fly_static elementor-widget elementor-widget-text-editor\" data-id=\"ee8a46e\" data-element_type=\"widget\" data-e-type=\"widget\" data-widget_type=\"text-editor.default\">\n\t\t\t\t<div class=\"elementor-widget-container\">\n\t\t\t\t\t\t\t\t\t<span style=\"color: #000000;\">Industrial Panel PCs are all-in-one solutions that combine high processing power with durability in harsh production environments. They ensure uninterrupted performance with their resistance to dust, moisture, vibration, and liquid contact, alongside fanless cooling systems and IP65-rated front panel protection. Supporting Windows or Linux operating systems, these devices are the most reliable and robust hardware platforms for SCADA applications, MES systems, and complex data acquisition projects.<\/span>\t\t\t\t\t\t\t\t<\/div>\n\t\t\t\t<\/div>\n\t\t\t\t\t<\/div>\n\t\t<\/div>\n\t\t\t\t\t<\/div>\n\t\t<\/section>\n\t\t\t\t<\/div>\n\t\t","protected":false},"excerpt":{"rendered":"<p>Industrial Panel PC GPC8-101-J6412-8-128 GPC8-156-J6412-8-128 GPC8-215-J6412-8-128 GPC8-156-\u0130508-8-128 GPC8-215-\u0130510-16-128 GPC8-156-\u0130510-16-128 GPC8-156-\u0130710-16-128 GPC8-215-\u0130710-16-128 GPC8-215-\u0130508-8-128 Industrial Panel PCs&hellip;<\/p>\n","protected":false},"author":1,"featured_media":0,"parent":0,"menu_order":0,"comment_status":"closed","ping_status":"closed","template":"","meta":{"footnotes":""},"class_list":["post-11325","page","type-page","status-publish","hentry"],"_links":{"self":[{"href":"https:\/\/gmtcontrol.com\/en\/wp-json\/wp\/v2\/pages\/11325","targetHints":{"allow":["GET"]}}],"collection":[{"href":"https:\/\/gmtcontrol.com\/en\/wp-json\/wp\/v2\/pages"}],"about":[{"href":"https:\/\/gmtcontrol.com\/en\/wp-json\/wp\/v2\/types\/page"}],"author":[{"embeddable":true,"href":"https:\/\/gmtcontrol.com\/en\/wp-json\/wp\/v2\/users\/1"}],"replies":[{"embeddable":true,"href":"https:\/\/gmtcontrol.com\/en\/wp-json\/wp\/v2\/comments?post=11325"}],"version-history":[{"count":9,"href":"https:\/\/gmtcontrol.com\/en\/wp-json\/wp\/v2\/pages\/11325\/revisions"}],"predecessor-version":[{"id":14834,"href":"https:\/\/gmtcontrol.com\/en\/wp-json\/wp\/v2\/pages\/11325\/revisions\/14834"}],"wp:attachment":[{"href":"https:\/\/gmtcontrol.com\/en\/wp-json\/wp\/v2\/media?parent=11325"}],"curies":[{"name":"wp","href":"https:\/\/api.w.org\/{rel}","templated":true}]}}