{"id":11586,"date":"2025-11-25T14:32:33","date_gmt":"2025-11-25T11:32:33","guid":{"rendered":"https:\/\/kcan.web.tr\/kcangmt\/uygulama-partnerlerimiz\/"},"modified":"2025-12-19T03:51:16","modified_gmt":"2025-12-19T00:51:16","slug":"application-partners","status":"publish","type":"page","link":"https:\/\/gmtcontrol.com\/en\/application-partners\/","title":{"rendered":"Application Partners"},"content":{"rendered":"\t\t<div data-elementor-type=\"wp-page\" data-elementor-id=\"11586\" class=\"elementor elementor-11586 elementor-6968\">\n\t\t\t\t\t\t<section class=\"elementor-section elementor-top-section elementor-element elementor-element-9588b88 elementor-section-boxed elementor-section-height-default elementor-section-height-default sc_fly_static\" data-id=\"9588b88\" data-element_type=\"section\" data-e-type=\"section\">\n\t\t\t\t\t\t<div class=\"elementor-container elementor-column-gap-extended\">\n\t\t\t\t\t<div class=\"elementor-column elementor-col-100 elementor-top-column elementor-element elementor-element-662b99f sc_content_align_inherit sc_layouts_column_icons_position_left sc_fly_static\" data-id=\"662b99f\" data-element_type=\"column\" data-e-type=\"column\">\n\t\t\t<div class=\"elementor-widget-wrap elementor-element-populated\">\n\t\t\t\t\t\t<div class=\"elementor-element elementor-element-5fedc35 sc_fly_static elementor-widget elementor-widget-trx_sc_layouts_title\" data-id=\"5fedc35\" data-element_type=\"widget\" data-e-type=\"widget\" data-widget_type=\"trx_sc_layouts_title.default\">\n\t\t\t\t<div class=\"elementor-widget-container\">\n\t\t\t\t\t<div class=\"sc_layouts_title with_content without_image without_tint\" ><div class=\"sc_layouts_title_content\"><div class=\"sc_layouts_title_title\"><h1 class=\"sc_layouts_title_caption\">Application Partners<\/h1><\/div><\/div><\/div>\t\t\t\t<\/div>\n\t\t\t\t<\/div>\n\t\t\t\t\t<\/div>\n\t\t<\/div>\n\t\t\t\t\t<\/div>\n\t\t<\/section>\n\t\t\t\t<section class=\"elementor-section elementor-top-section elementor-element elementor-element-0e0af5c elementor-section-boxed elementor-section-height-default elementor-section-height-default sc_fly_static\" data-id=\"0e0af5c\" data-element_type=\"section\" data-e-type=\"section\">\n\t\t\t\t\t\t<div class=\"elementor-container elementor-column-gap-extended\">\n\t\t\t\t\t<div class=\"elementor-column elementor-col-100 elementor-top-column elementor-element elementor-element-4284d3a sc_content_align_inherit sc_layouts_column_icons_position_left sc_fly_static\" data-id=\"4284d3a\" data-element_type=\"column\" data-e-type=\"column\">\n\t\t\t<div class=\"elementor-widget-wrap\">\n\t\t\t\t\t\t\t<\/div>\n\t\t<\/div>\n\t\t\t\t\t<\/div>\n\t\t<\/section>\n\t\t\t\t<section class=\"elementor-section elementor-top-section elementor-element elementor-element-d8b7d55 elementor-section-boxed elementor-section-height-default elementor-section-height-default sc_fly_static\" data-id=\"d8b7d55\" data-element_type=\"section\" data-e-type=\"section\">\n\t\t\t\t\t\t<div class=\"elementor-container elementor-column-gap-extended\">\n\t\t\t\t\t<div class=\"elementor-column elementor-col-100 elementor-top-column elementor-element elementor-element-364041b sc_content_align_inherit sc_layouts_column_icons_position_left sc_fly_static\" data-id=\"364041b\" data-element_type=\"column\" data-e-type=\"column\">\n\t\t\t<div class=\"elementor-widget-wrap elementor-element-populated\">\n\t\t\t\t\t\t<div class=\"elementor-element elementor-element-5b02536 scheme_dark_eco sc_fly_static elementor-widget elementor-widget-trx_sc_hotspot\" data-id=\"5b02536\" data-element_type=\"widget\" data-e-type=\"widget\" data-widget_type=\"trx_sc_hotspot.default\">\n\t\t\t\t<div class=\"elementor-widget-container\">\n\t\t\t\t\t<div  \n\t\t\tclass=\"sc_hotspot sc_hotspot_default\" ><div class=\"sc_hotspot_content sc_item_content\" ><img fetchpriority=\"high\" decoding=\"async\" src=\"\/\/gmtcontrol.com\/wp-content\/uploads\/2025\/11\/gmtcnt-turkiye.png\" class=\"sc_hotspot_image\" alt=\"Hotspot image\" width=\"1600\" height=\"675\" title=\"\"><div id=\"elementor-repeater-item-934e3d7\" class=\"elementor-repeater-item-934e3d7 sc_hotspot_item sc_hotspot_item_symbol_image sc_hotspot_item_open_hover sc_hotspot_item_visible_always\"\n\t\t\t\t\t\t\t >\t\t\t\t\t\t\t<span class=\"sc_hotspot_item_sonar\"><\/span>\n\t\t\t\t\t\t\t<a href=\"#liste\" class=\"sc_hotspot_item_icon sc_hotspot_item_icon_type_images cropped-gmtcnt-favicon3-120x120.png\"><img decoding=\"async\" class=\"sc_icon_as_image\" src=\"\/\/gmtcontrol.com\/wp-content\/uploads\/2025\/11\/cropped-gmtcnt-favicon3-120x120.png\" alt=\"Icon\" width=\"120\" height=\"120\" title=\"\"><\/a>\n\t\t\t\t\t\t<div class=\"sc_hotspot_item_popup sc_hotspot_item_popup_tc sc_hotspot_item_popup_align_center\"><h6 class=\"sc_hotspot_item_subtitle\"><span>Bursa<\/span><\/h6><a href=\"#liste\" class=\"sc_hotspot_item_link_cover\"><\/a><\/div>\n\n\t\t\t\t\t<\/div><div id=\"elementor-repeater-item-2a148e3\" class=\"elementor-repeater-item-2a148e3 sc_hotspot_item sc_hotspot_item_symbol_image sc_hotspot_item_open_hover sc_hotspot_item_visible_always\"\n\t\t\t\t\t\t\t >\t\t\t\t\t\t\t<span class=\"sc_hotspot_item_sonar\"><\/span>\n\t\t\t\t\t\t\t<a href=\"#liste\" class=\"sc_hotspot_item_icon sc_hotspot_item_icon_type_images cropped-gmtcnt-favicon3-120x120.png\"><img decoding=\"async\" class=\"sc_icon_as_image\" src=\"\/\/gmtcontrol.com\/wp-content\/uploads\/2025\/11\/cropped-gmtcnt-favicon3-120x120.png\" alt=\"Icon\" width=\"120\" height=\"120\" title=\"\"><\/a>\n\t\t\t\t\t\t<div class=\"sc_hotspot_item_popup sc_hotspot_item_popup_tc sc_hotspot_item_popup_align_center\"><h6 class=\"sc_hotspot_item_subtitle\"><span>\u0130stanbul<\/span><\/h6><a href=\"#liste\" class=\"sc_hotspot_item_link_cover\"><\/a><\/div>\n\n\t\t\t\t\t<\/div><div id=\"elementor-repeater-item-51f07f9\" class=\"elementor-repeater-item-51f07f9 sc_hotspot_item sc_hotspot_item_symbol_image sc_hotspot_item_open_hover sc_hotspot_item_visible_always\"\n\t\t\t\t\t\t\t >\t\t\t\t\t\t\t<span class=\"sc_hotspot_item_sonar\"><\/span>\n\t\t\t\t\t\t\t<a href=\"#liste\" class=\"sc_hotspot_item_icon sc_hotspot_item_icon_type_images cropped-gmtcnt-favicon3-120x120.png\"><img decoding=\"async\" class=\"sc_icon_as_image\" src=\"\/\/gmtcontrol.com\/wp-content\/uploads\/2025\/11\/cropped-gmtcnt-favicon3-120x120.png\" alt=\"Icon\" width=\"120\" height=\"120\" title=\"\"><\/a>\n\t\t\t\t\t\t<div class=\"sc_hotspot_item_popup sc_hotspot_item_popup_tc sc_hotspot_item_popup_align_center\"><h6 class=\"sc_hotspot_item_subtitle\"><span>Kocaeli<\/span><\/h6><a href=\"#liste\" class=\"sc_hotspot_item_link_cover\"><\/a><\/div>\n\n\t\t\t\t\t<\/div><div id=\"elementor-repeater-item-e6e2e50\" class=\"elementor-repeater-item-e6e2e50 sc_hotspot_item sc_hotspot_item_symbol_image sc_hotspot_item_open_hover sc_hotspot_item_visible_always\"\n\t\t\t\t\t\t\t >\t\t\t\t\t\t\t<span class=\"sc_hotspot_item_sonar\"><\/span>\n\t\t\t\t\t\t\t<a href=\"#liste\" class=\"sc_hotspot_item_icon sc_hotspot_item_icon_type_images cropped-gmtcnt-favicon3-120x120.png\"><img decoding=\"async\" class=\"sc_icon_as_image\" src=\"\/\/gmtcontrol.com\/wp-content\/uploads\/2025\/11\/cropped-gmtcnt-favicon3-120x120.png\" alt=\"Icon\" width=\"120\" height=\"120\" title=\"\"><\/a>\n\t\t\t\t\t\t<div class=\"sc_hotspot_item_popup sc_hotspot_item_popup_tc sc_hotspot_item_popup_align_center\"><h6 class=\"sc_hotspot_item_subtitle\"><span>Konya<\/span><\/h6><a href=\"#liste\" class=\"sc_hotspot_item_link_cover\"><\/a><\/div>\n\n\t\t\t\t\t<\/div><\/div><\/div>\t\t\t\t<\/div>\n\t\t\t\t<\/div>\n\t\t\t\t\t<\/div>\n\t\t<\/div>\n\t\t\t\t\t<\/div>\n\t\t<\/section>\n\t\t\t\t<section class=\"elementor-section elementor-top-section elementor-element elementor-element-3d404c6 elementor-section-boxed elementor-section-height-default elementor-section-height-default sc_fly_static\" data-id=\"3d404c6\" data-element_type=\"section\" data-e-type=\"section\">\n\t\t\t\t\t\t<div class=\"elementor-container elementor-column-gap-extended\">\n\t\t\t\t\t<div class=\"elementor-column elementor-col-100 elementor-top-column elementor-element elementor-element-01aed64 sc_content_align_inherit sc_layouts_column_icons_position_left sc_fly_static\" data-id=\"01aed64\" data-element_type=\"column\" data-e-type=\"column\">\n\t\t\t<div class=\"elementor-widget-wrap\">\n\t\t\t\t\t\t\t<\/div>\n\t\t<\/div>\n\t\t\t\t\t<\/div>\n\t\t<\/section>\n\t\t\t\t<section class=\"elementor-section elementor-top-section elementor-element elementor-element-d70aa24 liste elementor-section-boxed elementor-section-height-default elementor-section-height-default sc_fly_static\" data-id=\"d70aa24\" data-element_type=\"section\" data-e-type=\"section\">\n\t\t\t\t\t\t<div class=\"elementor-container elementor-column-gap-extended\">\n\t\t\t\t\t<div class=\"elementor-column elementor-col-100 elementor-top-column elementor-element elementor-element-82ba354 sc_content_align_inherit sc_layouts_column_icons_position_left sc_fly_static\" data-id=\"82ba354\" data-element_type=\"column\" data-e-type=\"column\">\n\t\t\t<div class=\"elementor-widget-wrap elementor-element-populated\">\n\t\t\t\t\t\t<div class=\"elementor-element elementor-element-0826ccb sc_fly_static elementor-widget elementor-widget-toggle\" data-id=\"0826ccb\" data-element_type=\"widget\" data-e-type=\"widget\" data-widget_type=\"toggle.default\">\n\t\t\t\t<div class=\"elementor-widget-container\">\n\t\t\t\t\t\t\t<div class=\"elementor-toggle\">\n\t\t\t\t\t\t\t<div class=\"elementor-toggle-item\">\n\t\t\t\t\t<h5 id=\"elementor-tab-title-8541\" class=\"elementor-tab-title\" data-tab=\"1\" role=\"button\" aria-controls=\"elementor-tab-content-8541\" aria-expanded=\"false\">\n\t\t\t\t\t\t\t\t\t\t\t\t<span class=\"elementor-toggle-icon elementor-toggle-icon-right\" aria-hidden=\"true\">\n\t\t\t\t\t\t\t\t\t\t\t\t\t\t\t<span class=\"elementor-toggle-icon-closed\"><i class=\"fas fa-plus\"><\/i><\/span>\n\t\t\t\t\t\t\t\t<span class=\"elementor-toggle-icon-opened\"><i class=\"elementor-toggle-icon-opened fas fa-minus\"><\/i><\/span>\n\t\t\t\t\t\t\t\t\t\t\t\t\t<\/span>\n\t\t\t\t\t\t\t\t\t\t\t\t<a class=\"elementor-toggle-title\" tabindex=\"0\">Bursa<\/a>\n\t\t\t\t\t<\/h5>\n\n\t\t\t\t\t<div id=\"elementor-tab-content-8541\" class=\"elementor-tab-content elementor-clearfix\" data-tab=\"1\" role=\"region\" aria-labelledby=\"elementor-tab-title-8541\"><h5>RVB OTOMASYON SANAY\u0130 VE T\u0130CARET<\/h5><p><i class=\"fa fa-envelope\"><\/i>\u00a023 N\u0130SAN MAH. 241. SK. KARACAO\u011eLAN CAD. 4\/A N\u0130L\u00dcFER\/BURSA<\/p><p><i class=\"fa fa-phone\"><\/i>\u00a00224 443 00 65<\/p><p><i class=\"fa fa-phone\"><\/i>\u00a00532 154 19 17<\/p><p><a href=\"http:\/\/www.rvb.com.tr\/\" target=\"_blank\" rel=\"noopener noreferrer\">www.rvb.com.tr<\/a><\/p><p><a href=\"mailto:info@rvb.com.tr\">info@rvb.com.tr<\/a><\/p><\/div>\n\t\t\t\t<\/div>\n\t\t\t\t\t\t\t<div class=\"elementor-toggle-item\">\n\t\t\t\t\t<h5 id=\"elementor-tab-title-8542\" class=\"elementor-tab-title\" data-tab=\"2\" role=\"button\" aria-controls=\"elementor-tab-content-8542\" aria-expanded=\"false\">\n\t\t\t\t\t\t\t\t\t\t\t\t<span class=\"elementor-toggle-icon elementor-toggle-icon-right\" aria-hidden=\"true\">\n\t\t\t\t\t\t\t\t\t\t\t\t\t\t\t<span class=\"elementor-toggle-icon-closed\"><i class=\"fas fa-plus\"><\/i><\/span>\n\t\t\t\t\t\t\t\t<span class=\"elementor-toggle-icon-opened\"><i class=\"elementor-toggle-icon-opened fas fa-minus\"><\/i><\/span>\n\t\t\t\t\t\t\t\t\t\t\t\t\t<\/span>\n\t\t\t\t\t\t\t\t\t\t\t\t<a class=\"elementor-toggle-title\" tabindex=\"0\">\u0130stanbul<\/a>\n\t\t\t\t\t<\/h5>\n\n\t\t\t\t\t<div id=\"elementor-tab-content-8542\" class=\"elementor-tab-content elementor-clearfix\" data-tab=\"2\" role=\"region\" aria-labelledby=\"elementor-tab-title-8542\"><h5>G\u00dcRS\u0130S OTOMASYON<\/h5><p><i><\/i>\u00a0DEM\u0130RC\u0130LER SANAY\u0130 S\u0130TES\u0130 C3 BLOK NO:224\/B BA\u015eAK\u015eEH\u0130R\/\u0130STANBUL<\/p><p><i><\/i>\u00a00537 219 85 00<\/p><p><a href=\"http:\/\/www.gursisotomasyon.com\/\" target=\"_blank\" rel=\"noopener\">www.gursisotomasyon.com<\/a><\/p><p><a href=\"mailto:info@gursisotomasyon.com\">info@gursisotomasyon.com<\/a><\/p><h5>LEAD MOT\u0130ON OTOMASYON<\/h5><p><i><\/i>\u00a0MERKEZ MAH. AB\u0130DE-\u0130 H\u00dcRR\u0130YET CAD. NO : 211\/64 \u015e\u0130\u015eL\u0130\/\u0130STANBUL<\/p><p><i><\/i>\u00a00553 381 97 87<\/p><p><a href=\"mailto:ali@leadmotion.com.tr\">ali@leadmotion.com.tr<\/a><\/p><h5>MAKEL ELEKTR\u0130K ELEKTRON\u0130K<\/h5><p><i><\/i>\u00a0\u0130K\u0130TELL\u0130 O.S.B. HESKOOP SAN. S\u0130T. M7 BLOK NO:116\u00a0BA\u015eAK\u015eEH\u0130R\/\u0130STANBUL<\/p><p><i><\/i>\u00a00553 336 94 54<\/p><p><a href=\"https:\/\/www.makelelektrik.com.tr\/\" target=\"_blank\" rel=\"noopener noreferrer\">www.makelelektrik.com<\/a><\/p><p><a href=\"mailto:info@makelelektrik.com\">info@makelelektrik.com<\/a><\/p><h5>NORM ELEKTR\u0130K OTOMASYON<\/h5><p><i><\/i>\u00a0\u0130K\u0130TELL\u0130 O.S.B. AYKOSAN SAN. S\u0130T. 6\u2019LI B BLOK NO:92 BA\u015eAK\u015eEH\u0130R\/\u0130STANBUL<\/p><p><i><\/i>\u00a00535 840 97 51<\/p><p><a href=\"https:\/\/normelektrik.com\/\" target=\"_blank\" rel=\"noopener noreferrer\">www.normelektrik.com<\/a><\/p><p><a href=\"mailto:info@normelektrik.com\">info@normelektrik.com<\/a><\/p><h5>OKUMU\u015e ELEKTR\u0130K<\/h5><p><i><\/i>\u00a0HARA\u00c7\u00c7I MAH. DOLMABAH\u00c7E CAD. NO:11A\/1 ARNAVUTK\u00d6Y\/\u0130STANBUL<\/p><p><i><\/i>\u00a00532 385 03 26<\/p><p><a href=\"http:\/\/www.okumuselektrik.com\/\" target=\"_blank\" rel=\"noopener\">www.okumuselektrik.com<\/a><\/p><p><a href=\"mailto:emrah@okumuselektrik.com\">emrah@okumuselektrik.com<\/a><\/p><\/div>\n\t\t\t\t<\/div>\n\t\t\t\t\t\t\t<div class=\"elementor-toggle-item\">\n\t\t\t\t\t<h5 id=\"elementor-tab-title-8543\" class=\"elementor-tab-title\" data-tab=\"3\" role=\"button\" aria-controls=\"elementor-tab-content-8543\" aria-expanded=\"false\">\n\t\t\t\t\t\t\t\t\t\t\t\t<span class=\"elementor-toggle-icon elementor-toggle-icon-right\" aria-hidden=\"true\">\n\t\t\t\t\t\t\t\t\t\t\t\t\t\t\t<span class=\"elementor-toggle-icon-closed\"><i class=\"fas fa-plus\"><\/i><\/span>\n\t\t\t\t\t\t\t\t<span class=\"elementor-toggle-icon-opened\"><i class=\"elementor-toggle-icon-opened fas fa-minus\"><\/i><\/span>\n\t\t\t\t\t\t\t\t\t\t\t\t\t<\/span>\n\t\t\t\t\t\t\t\t\t\t\t\t<a class=\"elementor-toggle-title\" tabindex=\"0\">Kocaeli<\/a>\n\t\t\t\t\t<\/h5>\n\n\t\t\t\t\t<div id=\"elementor-tab-content-8543\" class=\"elementor-tab-content elementor-clearfix\" data-tab=\"3\" role=\"region\" aria-labelledby=\"elementor-tab-title-8543\"><h5>DMR TEKNO M\u00dcHEND\u0130SL\u0130K VE OTOMASYON<\/h5><p><i class=\"fa fa-envelope\"><\/i>\u00a0EMEK MAH. BOSNA CAD. NO: 87\/B \u00c7AYIROVA\/KOCAEL\u0130<\/p><p><i class=\"fa fa-phone\"><\/i>\u00a00530 890 68 77<\/p><p><a href=\"http:\/\/www.dmrtekno.com.tr\/\" target=\"_blank\" rel=\"noopener\">www.dmrtekno.com.tr<\/a><\/p><p><a href=\"mailto:dmr@dmrtekno.com.tr\">dmr@dmrtekno.com.tr<\/a><\/p><\/div>\n\t\t\t\t<\/div>\n\t\t\t\t\t\t\t<div class=\"elementor-toggle-item\">\n\t\t\t\t\t<h5 id=\"elementor-tab-title-8544\" class=\"elementor-tab-title\" data-tab=\"4\" role=\"button\" aria-controls=\"elementor-tab-content-8544\" aria-expanded=\"false\">\n\t\t\t\t\t\t\t\t\t\t\t\t<span class=\"elementor-toggle-icon elementor-toggle-icon-right\" aria-hidden=\"true\">\n\t\t\t\t\t\t\t\t\t\t\t\t\t\t\t<span class=\"elementor-toggle-icon-closed\"><i class=\"fas fa-plus\"><\/i><\/span>\n\t\t\t\t\t\t\t\t<span class=\"elementor-toggle-icon-opened\"><i class=\"elementor-toggle-icon-opened fas fa-minus\"><\/i><\/span>\n\t\t\t\t\t\t\t\t\t\t\t\t\t<\/span>\n\t\t\t\t\t\t\t\t\t\t\t\t<a class=\"elementor-toggle-title\" tabindex=\"0\">Konya<\/a>\n\t\t\t\t\t<\/h5>\n\n\t\t\t\t\t<div id=\"elementor-tab-content-8544\" class=\"elementor-tab-content elementor-clearfix\" data-tab=\"4\" role=\"region\" aria-labelledby=\"elementor-tab-title-8544\"><h5>CESURO\u011eLU OTOMASYON<\/h5><p><i class=\"fa fa-envelope\"><\/i>\u00a0FEVZ\u0130 \u00c7AKMAK MH. 10622 SOKAK NO:23 KARATAY \/ KONYA<\/p><p><i class=\"fa fa-phone\"><\/i>\u00a00542 848 76 80<\/p><p><a href=\"http:\/\/www.cesurogluotomasyon.com\/\" target=\"_blank\" rel=\"noopener noreferrer\">www.cesurogluotomasyon.com<\/a><\/p><p><a href=\"mailto:info@cesurogluotomasyon.com\">info@cesurogluotomasyon.com<\/a><\/p><\/div>\n\t\t\t\t<\/div>\n\t\t\t\t\t\t\t\t\t\t<script type=\"application\/ld+json\">{\"@context\":\"https:\\\/\\\/schema.org\",\"@type\":\"FAQPage\",\"mainEntity\":[{\"@type\":\"Question\",\"name\":\"Bursa\",\"acceptedAnswer\":{\"@type\":\"Answer\",\"text\":\"<h5>RVB OTOMASYON SANAY\\u0130 VE T\\u0130CARET<\\\/h5><p><i class=\\\"fa fa-envelope\\\"><\\\/i>\\u00a023 N\\u0130SAN MAH. 241. SK. KARACAO\\u011eLAN CAD. 4\\\/A N\\u0130L\\u00dcFER\\\/BURSA<\\\/p><p><i class=\\\"fa fa-phone\\\"><\\\/i>\\u00a00224 443 00 65<\\\/p><p><i class=\\\"fa fa-phone\\\"><\\\/i>\\u00a00532 154 19 17<\\\/p><p><a href=\\\"http:\\\/\\\/www.rvb.com.tr\\\/\\\" target=\\\"_blank\\\" rel=\\\"noopener noreferrer\\\">www.rvb.com.tr<\\\/a><\\\/p><p><a href=\\\"mailto:info@rvb.com.tr\\\">info@rvb.com.tr<\\\/a><\\\/p>\"}},{\"@type\":\"Question\",\"name\":\"\\u0130stanbul\",\"acceptedAnswer\":{\"@type\":\"Answer\",\"text\":\"<h5>G\\u00dcRS\\u0130S OTOMASYON<\\\/h5><p><i><\\\/i>\\u00a0DEM\\u0130RC\\u0130LER SANAY\\u0130 S\\u0130TES\\u0130 C3 BLOK NO:224\\\/B BA\\u015eAK\\u015eEH\\u0130R\\\/\\u0130STANBUL<\\\/p><p><i><\\\/i>\\u00a00537 219 85 00<\\\/p><p><a href=\\\"http:\\\/\\\/www.gursisotomasyon.com\\\/\\\">www.gursisotomasyon.com<\\\/a><\\\/p><p><a href=\\\"mailto:info@gursisotomasyon.com\\\">info@gursisotomasyon.com<\\\/a><\\\/p><h5>LEAD MOT\\u0130ON OTOMASYON<\\\/h5><p><i><\\\/i>\\u00a0MERKEZ MAH. AB\\u0130DE-\\u0130 H\\u00dcRR\\u0130YET CAD. NO : 211\\\/64 \\u015e\\u0130\\u015eL\\u0130\\\/\\u0130STANBUL<\\\/p><p><i><\\\/i>\\u00a00553 381 97 87<\\\/p><p><a href=\\\"mailto:ali@leadmotion.com.tr\\\">ali@leadmotion.com.tr<\\\/a><\\\/p><h5>MAKEL ELEKTR\\u0130K ELEKTRON\\u0130K<\\\/h5><p><i><\\\/i>\\u00a0\\u0130K\\u0130TELL\\u0130 O.S.B. HESKOOP SAN. S\\u0130T. M7 BLOK NO:116\\u00a0BA\\u015eAK\\u015eEH\\u0130R\\\/\\u0130STANBUL<\\\/p><p><i><\\\/i>\\u00a00553 336 94 54<\\\/p><p><a href=\\\"https:\\\/\\\/www.makelelektrik.com.tr\\\/\\\" target=\\\"_blank\\\" rel=\\\"noopener noreferrer\\\">www.makelelektrik.com<\\\/a><\\\/p><p><a href=\\\"mailto:info@makelelektrik.com\\\">info@makelelektrik.com<\\\/a><\\\/p><h5>NORM ELEKTR\\u0130K OTOMASYON<\\\/h5><p><i><\\\/i>\\u00a0\\u0130K\\u0130TELL\\u0130 O.S.B. AYKOSAN SAN. S\\u0130T. 6\\u2019LI B BLOK NO:92 BA\\u015eAK\\u015eEH\\u0130R\\\/\\u0130STANBUL<\\\/p><p><i><\\\/i>\\u00a00535 840 97 51<\\\/p><p><a href=\\\"https:\\\/\\\/normelektrik.com\\\/\\\" target=\\\"_blank\\\" rel=\\\"noopener noreferrer\\\">www.normelektrik.com<\\\/a><\\\/p><p><a href=\\\"mailto:info@normelektrik.com\\\">info@normelektrik.com<\\\/a><\\\/p><h5>OKUMU\\u015e ELEKTR\\u0130K<\\\/h5><p><i><\\\/i>\\u00a0HARA\\u00c7\\u00c7I MAH. DOLMABAH\\u00c7E CAD. NO:11A\\\/1 ARNAVUTK\\u00d6Y\\\/\\u0130STANBUL<\\\/p><p><i><\\\/i>\\u00a00532 385 03 26<\\\/p><p><a href=\\\"http:\\\/\\\/www.okumuselektrik.com\\\/\\\">www.okumuselektrik.com<\\\/a><\\\/p><p><a href=\\\"mailto:emrah@okumuselektrik.com\\\">emrah@okumuselektrik.com<\\\/a><\\\/p>\"}},{\"@type\":\"Question\",\"name\":\"Kocaeli\",\"acceptedAnswer\":{\"@type\":\"Answer\",\"text\":\"<h5>DMR TEKNO M\\u00dcHEND\\u0130SL\\u0130K VE OTOMASYON<\\\/h5><p><i class=\\\"fa fa-envelope\\\"><\\\/i>\\u00a0EMEK MAH. BOSNA CAD. NO: 87\\\/B \\u00c7AYIROVA\\\/KOCAEL\\u0130<\\\/p><p><i class=\\\"fa fa-phone\\\"><\\\/i>\\u00a00530 890 68 77<\\\/p><p><a href=\\\"http:\\\/\\\/www.dmrtekno.com.tr\\\/\\\">www.dmrtekno.com.tr<\\\/a><\\\/p><p><a href=\\\"mailto:dmr@dmrtekno.com.tr\\\">dmr@dmrtekno.com.tr<\\\/a><\\\/p>\"}},{\"@type\":\"Question\",\"name\":\"Konya\",\"acceptedAnswer\":{\"@type\":\"Answer\",\"text\":\"<h5>CESURO\\u011eLU OTOMASYON<\\\/h5><p><i class=\\\"fa fa-envelope\\\"><\\\/i>\\u00a0FEVZ\\u0130 \\u00c7AKMAK MH. 10622 SOKAK NO:23 KARATAY \\\/ KONYA<\\\/p><p><i class=\\\"fa fa-phone\\\"><\\\/i>\\u00a00542 848 76 80<\\\/p><p><a href=\\\"http:\\\/\\\/www.cesurogluotomasyon.com\\\/\\\" target=\\\"_blank\\\" rel=\\\"noopener noreferrer\\\">www.cesurogluotomasyon.com<\\\/a><\\\/p><p><a href=\\\"mailto:info@cesurogluotomasyon.com\\\">info@cesurogluotomasyon.com<\\\/a><\\\/p>\"}}]}<\/script>\n\t\t\t\t\t<\/div>\n\t\t\t\t\t\t<\/div>\n\t\t\t\t<\/div>\n\t\t\t\t\t<\/div>\n\t\t<\/div>\n\t\t\t\t\t<\/div>\n\t\t<\/section>\n\t\t\t\t<\/div>\n\t\t","protected":false},"excerpt":{"rendered":"<p>Page (post) title Bursa \u0130stanbul Kocaeli Konya Bursa RVB OTOMASYON SANAY\u0130 VE T\u0130CARET \u00a023 N\u0130SAN&hellip;<\/p>\n","protected":false},"author":1,"featured_media":0,"parent":0,"menu_order":0,"comment_status":"closed","ping_status":"closed","template":"","meta":{"footnotes":""},"class_list":["post-11586","page","type-page","status-publish","hentry"],"_links":{"self":[{"href":"https:\/\/gmtcontrol.com\/en\/wp-json\/wp\/v2\/pages\/11586","targetHints":{"allow":["GET"]}}],"collection":[{"href":"https:\/\/gmtcontrol.com\/en\/wp-json\/wp\/v2\/pages"}],"about":[{"href":"https:\/\/gmtcontrol.com\/en\/wp-json\/wp\/v2\/types\/page"}],"author":[{"embeddable":true,"href":"https:\/\/gmtcontrol.com\/en\/wp-json\/wp\/v2\/users\/1"}],"replies":[{"embeddable":true,"href":"https:\/\/gmtcontrol.com\/en\/wp-json\/wp\/v2\/comments?post=11586"}],"version-history":[{"count":0,"href":"https:\/\/gmtcontrol.com\/en\/wp-json\/wp\/v2\/pages\/11586\/revisions"}],"wp:attachment":[{"href":"https:\/\/gmtcontrol.com\/en\/wp-json\/wp\/v2\/media?parent=11586"}],"curies":[{"name":"wp","href":"https:\/\/api.w.org\/{rel}","templated":true}]}}