{"id":12361,"date":"2025-12-24T20:51:02","date_gmt":"2025-12-24T17:51:02","guid":{"rendered":"https:\/\/gmtcontrol.com\/kisisel-veri-aydinlatma-metni\/"},"modified":"2025-12-25T13:02:17","modified_gmt":"2025-12-25T10:02:17","slug":"personal-data-clarification-text","status":"publish","type":"page","link":"https:\/\/gmtcontrol.com\/en\/personal-data-clarification-text\/","title":{"rendered":"Personal Data Clarification Text"},"content":{"rendered":"\t\t<div data-elementor-type=\"wp-page\" data-elementor-id=\"12361\" class=\"elementor elementor-12361 elementor-12113\">\n\t\t\t\t\t\t<section class=\"elementor-section elementor-top-section elementor-element elementor-element-94f5353 elementor-section-boxed elementor-section-height-default elementor-section-height-default sc_fly_static\" data-id=\"94f5353\" data-element_type=\"section\" data-e-type=\"section\">\n\t\t\t\t\t\t<div class=\"elementor-container elementor-column-gap-extended\">\n\t\t\t\t\t<div class=\"elementor-column elementor-col-100 elementor-top-column elementor-element elementor-element-9442bb0 sc_content_align_inherit sc_layouts_column_icons_position_left sc_fly_static\" data-id=\"9442bb0\" data-element_type=\"column\" data-e-type=\"column\">\n\t\t\t<div class=\"elementor-widget-wrap elementor-element-populated\">\n\t\t\t\t\t\t<div class=\"elementor-element elementor-element-a6a9974 sc_fly_static elementor-widget elementor-widget-trx_sc_layouts_title\" data-id=\"a6a9974\" data-element_type=\"widget\" data-e-type=\"widget\" data-widget_type=\"trx_sc_layouts_title.default\">\n\t\t\t\t<div class=\"elementor-widget-container\">\n\t\t\t\t\t<div class=\"sc_layouts_title sc_align_left with_content without_image without_tint\" ><div class=\"sc_layouts_title_content\"><div class=\"sc_layouts_title_title\"><h1 class=\"sc_layouts_title_caption\">Personal Data Clarification Text<\/h1><\/div><\/div><\/div>\t\t\t\t<\/div>\n\t\t\t\t<\/div>\n\t\t\t\t<div class=\"elementor-element elementor-element-946df94 sc_fly_static elementor-widget elementor-widget-text-editor\" data-id=\"946df94\" data-element_type=\"widget\" data-e-type=\"widget\" data-widget_type=\"text-editor.default\">\n\t\t\t\t<div class=\"elementor-widget-container\">\n\t\t\t\t\t\t\t\t\t<ol>\n    <li><span style=\"color: #000000;\"><strong> DATA CONTROLLER<\/strong><\/span><\/li>\n<\/ol>\n<span style=\"color: #000000;\">Data Controller: GMT End\u00fcstriyel Elektronik San. ve Tic. A.\u015e.<\/span>\n\n<span style=\"color: #000000;\">Address: \u00c7ubuklu Mah. Bo\u011fazi\u00e7i Cad. Bo\u011fazi\u00e7i Plaza No:6\/B 34805 Beykoz \/ \u0130stanbul \/ Turkey<\/span>\n\n<span style=\"color: #000000;\">Phone No: +90 216 668 00 06<\/span>\n\n<span style=\"color: #000000;\">Mail: <a style=\"color: #000000;\" href=\"mailto:gmt@gmtcontrol.com\">gmt@gmtcontrol.com<\/a><\/span>\n<ol start=\"2\">\n    <li><span style=\"color: #000000;\"><strong> PURPOSE OF PROCESSING PERSONAL DATA<\/strong><\/span><\/li>\n<\/ol>\n<span style=\"color: #000000;\">Your personal data is processed by our company limited to the following purposes: keeping records of customers, dealers, suppliers, and consumers; establishing and developing healthy commercial relationships; promoting products and services; ensuring sufficient benefit from products and services; meeting needs and demands; establishing purchase-sale contracts; submitting and receiving offers; receiving and transmitting orders; performing contracts and delivering products; issuing, delivering, and receiving waybills and invoices; completing necessary financial processes; making payments; receiving and transmitting requests and complaints; conducting service, warranty, and maintenance-repair processes; explaining product promotion and usage methods\/purposes; conducting product development and R&#038;D studies; and ensuring security.<\/span>\n<ol start=\"3\">\n    <li><span style=\"color: #000000;\"><strong> TRANSFER OF PERSONAL DATA<\/strong><\/span><\/li>\n<\/ol>\n<span style=\"color: #000000;\">Your personal data is transferred to company partners and employees for the realization of the purposes listed above; to company customers, dealers, and suppliers if required by said purposes; and to cargo and logistics companies for the delivery of products and documents.<\/span>\n\n<span style=\"color: #000000;\">In order to comply with legislation and fulfill legal obligations, data is transferred to administrative and official authorities, judicial bodies, and legally authorized private legal entities; to be delivered to these persons or to the company lawyer for use in legal processes (mediation, arbitration, lawsuits, complaints) that have started and\/or will start between you and our company.<\/span>\n<ol start=\"4\">\n    <li><span style=\"color: #000000;\"><strong> METHOD AND LEGAL GROUNDS FOR COLLECTING PERSONAL DATA<\/strong><\/span><\/li>\n<\/ol>\n<span style=\"color: #000000;\">Your personal data is collected;<\/span>\n<ul>\n    <li><span style=\"color: #000000;\">Orally, in writing, or via camera recording in case of your visit to our company;<\/span><\/li>\n    <li><span style=\"color: #000000;\">Through the website, mobile application, e-mail, cargo, phone calls, and SMS methods.<\/span><\/li>\n<\/ul>\n<span style=\"color: #000000;\">At our company, personal data including name, surname, workplace address, telephone, e-mail address, T.R. Identity Number, and tax number of customers, dealers, and their employees, candidates, suppliers, and camera recordings of our company visitors are processed. This personal data is processed based on the following legal grounds:<\/span>\n<ul>\n    <li><span style=\"color: #000000;\">The establishment or performance of a contract,<\/span><\/li>\n    <li><span style=\"color: #000000;\">Fulfillment of a legal obligation,<\/span><\/li>\n    <li><span style=\"color: #000000;\">Necessity of data processing for the establishment, exercise, or protection of a right,<\/span><\/li>\n    <li><span style=\"color: #000000;\">Necessity for the legitimate interests of the data controller, provided that it does not harm the fundamental rights and freedoms of the data subject.<\/span><\/li>\n<\/ul>\n<ol start=\"5\">\n    <li><span style=\"color: #000000;\"><strong> YOUR RIGHTS UNDER ARTICLE 11 OF THE LPPD (KVKK)<\/strong><\/span><\/li>\n<\/ol>\n<span style=\"color: #000000;\">You may apply to our company by:<\/span>\n<ul>\n    <li><span style=\"color: #000000;\">Ensuring your identity verification at \u00c7ubuklu Mah. Bo\u011fazi\u00e7i Cad. Bo\u011fazi\u00e7i Plaza No:6\/B (Z2) Beykoz \/\u0130stanbul,<\/span><\/li>\n    <li><span style=\"color: #000000;\">Sending an e-mail with your secure electronic or mobile signature to our <a style=\"color: #000000;\" href=\"mailto:gmt@gmtcontrol.com\">gmt@gmtcontrol.com<\/a> address,<\/span><\/li>\n    <li><span style=\"color: #000000;\">Applying through other methods where your identity is confirmed (such as a notary public notice),<\/span><\/li>\n    <li><span style=\"color: #000000;\">a) Learning whether your personal data is being processed,<\/span><\/li>\n    <li><span style=\"color: #000000;\">b) Requesting information if your personal data has been processed,<\/span><\/li>\n    <li><span style=\"color: #000000;\">c) Learning the purpose of processing and whether it is used in accordance with the purpose,<\/span><\/li>\n    <li><span style=\"color: #000000;\">\u00e7) Knowing the third parties to whom personal data is transferred domestically or abroad,<\/span><\/li>\n    <li><span style=\"color: #000000;\">d) Requesting correction if personal data is processed incompletely or inaccurately,<\/span><\/li>\n    <li><span style=\"color: #000000;\">e) Requesting the deletion or destruction of personal data if the reasons requiring processing no longer exist,<\/span><\/li>\n    <li><span style=\"color: #000000;\">f) Requesting notification of the transactions made under subparagraphs (d) and (e) to third parties to whom personal data has been transferred,<\/span><\/li>\n    <li><span style=\"color: #000000;\">g) Objecting to any result unfavorable to you arising from the analysis of processed data exclusively through automated systems,<\/span><\/li>\n    <li><span style=\"color: #000000;\">\u011f) Requesting compensation for damages incurred due to the unlawful processing of personal data.<\/span><\/li>\n<\/ul>\t\t\t\t\t\t\t\t<\/div>\n\t\t\t\t<\/div>\n\t\t\t\t\t<\/div>\n\t\t<\/div>\n\t\t\t\t\t<\/div>\n\t\t<\/section>\n\t\t\t\t<\/div>\n\t\t","protected":false},"excerpt":{"rendered":"<p>Page (post) title DATA CONTROLLER Data Controller: GMT End\u00fcstriyel Elektronik San. ve Tic. A.\u015e. Address:&hellip;<\/p>\n","protected":false},"author":1,"featured_media":0,"parent":0,"menu_order":0,"comment_status":"closed","ping_status":"closed","template":"","meta":{"footnotes":""},"class_list":["post-12361","page","type-page","status-publish","hentry"],"_links":{"self":[{"href":"https:\/\/gmtcontrol.com\/en\/wp-json\/wp\/v2\/pages\/12361","targetHints":{"allow":["GET"]}}],"collection":[{"href":"https:\/\/gmtcontrol.com\/en\/wp-json\/wp\/v2\/pages"}],"about":[{"href":"https:\/\/gmtcontrol.com\/en\/wp-json\/wp\/v2\/types\/page"}],"author":[{"embeddable":true,"href":"https:\/\/gmtcontrol.com\/en\/wp-json\/wp\/v2\/users\/1"}],"replies":[{"embeddable":true,"href":"https:\/\/gmtcontrol.com\/en\/wp-json\/wp\/v2\/comments?post=12361"}],"version-history":[{"count":4,"href":"https:\/\/gmtcontrol.com\/en\/wp-json\/wp\/v2\/pages\/12361\/revisions"}],"predecessor-version":[{"id":12365,"href":"https:\/\/gmtcontrol.com\/en\/wp-json\/wp\/v2\/pages\/12361\/revisions\/12365"}],"wp:attachment":[{"href":"https:\/\/gmtcontrol.com\/en\/wp-json\/wp\/v2\/media?parent=12361"}],"curies":[{"name":"wp","href":"https:\/\/api.w.org\/{rel}","templated":true}]}}