{"id":12368,"date":"2025-12-24T20:48:57","date_gmt":"2025-12-24T17:48:57","guid":{"rendered":"https:\/\/gmtcontrol.com\/kullanim-sartlari\/"},"modified":"2025-12-25T13:05:15","modified_gmt":"2025-12-25T10:05:15","slug":"terms-of-use","status":"publish","type":"page","link":"https:\/\/gmtcontrol.com\/en\/terms-of-use\/","title":{"rendered":"Terms of Use"},"content":{"rendered":"\t\t<div data-elementor-type=\"wp-page\" data-elementor-id=\"12368\" class=\"elementor elementor-12368 elementor-12102\">\n\t\t\t\t\t\t<section class=\"elementor-section elementor-top-section elementor-element elementor-element-1347a8c elementor-section-boxed elementor-section-height-default elementor-section-height-default sc_fly_static\" data-id=\"1347a8c\" data-element_type=\"section\" data-e-type=\"section\">\n\t\t\t\t\t\t<div class=\"elementor-container elementor-column-gap-extended\">\n\t\t\t\t\t<div class=\"elementor-column elementor-col-100 elementor-top-column elementor-element elementor-element-30b8f90 sc_content_align_inherit sc_layouts_column_icons_position_left sc_fly_static\" data-id=\"30b8f90\" data-element_type=\"column\" data-e-type=\"column\">\n\t\t\t<div class=\"elementor-widget-wrap elementor-element-populated\">\n\t\t\t\t\t\t<div class=\"elementor-element elementor-element-324e354 sc_fly_static elementor-widget elementor-widget-trx_sc_layouts_title\" data-id=\"324e354\" data-element_type=\"widget\" data-e-type=\"widget\" data-widget_type=\"trx_sc_layouts_title.default\">\n\t\t\t\t<div class=\"elementor-widget-container\">\n\t\t\t\t\t<div class=\"sc_layouts_title sc_align_left with_content without_image without_tint\" ><div class=\"sc_layouts_title_content\"><div class=\"sc_layouts_title_title\"><h1 class=\"sc_layouts_title_caption\">Terms of Use<\/h1><\/div><\/div><\/div>\t\t\t\t<\/div>\n\t\t\t\t<\/div>\n\t\t\t\t<div class=\"elementor-element elementor-element-c1bc5e0 sc_fly_static elementor-widget elementor-widget-text-editor\" data-id=\"c1bc5e0\" data-element_type=\"widget\" data-e-type=\"widget\" data-widget_type=\"text-editor.default\">\n\t\t\t\t<div class=\"elementor-widget-container\">\n\t\t\t\t\t\t\t\t\t<span style=\"color: #000000;\">The web pages on our site and all connected pages (&#8216;site&#8217;) are the property of and operated by <strong>GMT End\u00fcstriyel Elektronik San. ve Tic. A.\u015e.<\/strong> located at \u00c7ubuklu Mahallesi Bo\u011fazi\u00e7i Caddesi No:6\/B 34805 Beykoz \/ \u0130stanbul Turkey.<\/span>\n\n<span style=\"color: #000000;\">All content and information published on this site by GMT Industrial are protected by the following terms of use. All users browsing the site or benefiting from the site shall be deemed to have accepted these terms of use.<\/span>\n\n<span style=\"color: #000000;\">The relationships of the site members with each other or with third parties are under their own responsibility.<\/span>\n<ol>\n    <li><span style=\"color: #000000;\"><strong> Responsibility for Site Content<\/strong><\/span><\/li>\n<\/ol>\n<span style=\"color: #000000;\">The site has been published to enable users to receive information about GMT Industrial products and services. The site content is constantly checked and updated. GMT Industrial may make changes to the site content at any time without any notice or warning. Continued use of the site means that such changes are accepted. No responsibility can be attributed to GMT Industrial due to changes made.<\/span>\n<ol start=\"2\">\n    <li><span style=\"color: #000000;\"><strong> Responsibility for Provided Links<\/strong><\/span><\/li>\n<\/ol>\n<span style=\"color: #000000;\">From time to time, GMT Industrial may provide links from its own site to other sites that it deems relevant and useful regarding the site content. GMT Industrial is not responsible for the content, the risks involved, or the personal and\/or general data collected by these links (and the content and risks of other sites linked by those sites). The provided links do not imply that GMT Industrial endorses these sites.<\/span>\n<ol start=\"3\">\n    <li><span style=\"color: #000000;\"><strong> Responsibility of Users<\/strong><\/span><\/li>\n<\/ol>\n<span style=\"color: #000000;\">All risks and responsibilities arising from the use of the site belong exclusively to the user.<\/span>\n\n<span style=\"color: #000000;\">Although GMT Industrial tries to protect all its systems and software, including site content, against computer viruses and similar malicious software and programs, it is not responsible for viruses and other malicious software that may occur as a result of individuals and organizations browsing this site or downloading material from the site, or for damages to computers and systems.<\/span>\n\n<span style=\"color: #000000;\">Users may not add to or change the site content. Users agree and undertake not to hack the site, not to enter the site secretly using methods such as viruses, Trojan horses, etc., not to engage in illegal acts that disrupt the systems, and in their activities within the site, in any part of the site or in their communications, not to produce or share content that is contrary to general morality and decency, illegal, damaging the rights of 3rd parties, misleading, promoting violence, offensive, racist, provocative, obscene, pornographic, damaging personal rights, contrary to copyrights, or encouraging illegal activities. In the event that one of the listed situations is realized or access to the site is blocked by illegal methods, GMT Industrial reserves the right to remove the content in question, temporarily stop access to the site, resort to legal remedies, and demand compensation from the perpetrators of such actions.<\/span>\n\n<span style=\"color: #000000;\">GMT Industrial has no responsibility for any damages that other site users or 3rd party individuals and organizations may suffer as a result of the actions listed above.<\/span>\n<ol start=\"4\">\n    <li><span style=\"color: #000000;\"><strong> About the Content of the Site<\/strong><\/span><\/li>\n<\/ol>\n<span style=\"color: #000000;\">The site content has not been prepared to meet the needs of a specific person, institution, or third party.<\/span>\n\n<span style=\"color: #000000;\">The information, photographs, designs, etc., contained in the site content are general information and do not constitute a commitment.<\/span>\n\n<span style=\"color: #000000;\">The site content does not constitute a contract between GMT Industrial and the site users.<\/span>\n\n<span style=\"color: #000000;\">No warranty is given regarding the prices, performance, and features of the products or services. Site content does not have to be complete or definitive and does not constitute an opinion or any advice. Any responsibility arising from the work and actions to be performed by the user with the information obtained from the site belongs to the user, and no responsibility can be attributed to GMT Industrial.<\/span>\n<ol start=\"5\">\n    <li><span style=\"color: #000000;\"><strong> Intellectual Property Rights<\/strong><\/span><\/li>\n<\/ol>\n<span style=\"color: #000000;\">GMT Industrial is the owner of all content on the site. All registered or unregistered intellectual property rights (including copyrights and neighboring rights) such as title, business name, brand, patent, logo, design, information, and method on the Site belong to and will continue to belong to GMT Industrial. The site content cannot be used outside the limits specified in the terms of use.<\/span>\n\n<span style=\"color: #000000;\">Users may download or copy the site content to their computers for personal use. This permission is valid provided that all kinds of citations, copyright, or ownership information related to the downloaded or copied content are preserved. Users must include this information in every copy they take from the site content.<\/span>\n\n<span style=\"color: #000000;\">Site content (database, images, texts, icons, visual and audio images, video clips, files, designs, catalogs, and lists, etc.) may not be distributed, marketed, reprinted, or used for any commercial purpose by users. In cases where users perform any of the above-listed actions, GMT Industrial reserves the right to resort to legal remedies against third party individuals and institutions.<\/span>\n\n<span style=\"color: #000000;\">Nothing in the site content gives permission to use the intellectual property rights belonging to GMT Industrial.<\/span>\n<ol start=\"6\">\n    <li><span style=\"color: #000000;\"><strong> Invalidity of One of the Terms of Use<\/strong><\/span><\/li>\n<\/ol>\n<span style=\"color: #000000;\">In the event that any one or more of the provisions of these terms of use are decided to be invalid or unenforceable, the remaining provisions shall continue to remain in force. The invalid or unenforceable provision shall be replaced by a valid, applicable provision closest to the purpose of the original provision.<\/span>\n<ol start=\"7\">\n    <li><span style=\"color: #000000;\"><strong> No Waiver<\/strong><\/span><\/li>\n<\/ol>\n<span style=\"color: #000000;\">The failure of GMT Industrial to implement any part of these terms of use does not mean that GMT Industrial has waived its right to apply these terms of use. Only an express and written waiver signed by an authorized representative of GMT Industrial is legally valid.<\/span>\t\t\t\t\t\t\t\t<\/div>\n\t\t\t\t<\/div>\n\t\t\t\t\t<\/div>\n\t\t<\/div>\n\t\t\t\t\t<\/div>\n\t\t<\/section>\n\t\t\t\t<\/div>\n\t\t","protected":false},"excerpt":{"rendered":"<p>Page (post) title The web pages on our site and all connected pages (&#8216;site&#8217;) are&hellip;<\/p>\n","protected":false},"author":1,"featured_media":0,"parent":0,"menu_order":0,"comment_status":"closed","ping_status":"closed","template":"","meta":{"footnotes":""},"class_list":["post-12368","page","type-page","status-publish","hentry"],"_links":{"self":[{"href":"https:\/\/gmtcontrol.com\/en\/wp-json\/wp\/v2\/pages\/12368","targetHints":{"allow":["GET"]}}],"collection":[{"href":"https:\/\/gmtcontrol.com\/en\/wp-json\/wp\/v2\/pages"}],"about":[{"href":"https:\/\/gmtcontrol.com\/en\/wp-json\/wp\/v2\/types\/page"}],"author":[{"embeddable":true,"href":"https:\/\/gmtcontrol.com\/en\/wp-json\/wp\/v2\/users\/1"}],"replies":[{"embeddable":true,"href":"https:\/\/gmtcontrol.com\/en\/wp-json\/wp\/v2\/comments?post=12368"}],"version-history":[{"count":4,"href":"https:\/\/gmtcontrol.com\/en\/wp-json\/wp\/v2\/pages\/12368\/revisions"}],"predecessor-version":[{"id":12376,"href":"https:\/\/gmtcontrol.com\/en\/wp-json\/wp\/v2\/pages\/12368\/revisions\/12376"}],"wp:attachment":[{"href":"https:\/\/gmtcontrol.com\/en\/wp-json\/wp\/v2\/media?parent=12368"}],"curies":[{"name":"wp","href":"https:\/\/api.w.org\/{rel}","templated":true}]}}